{"id":35,"date":"2022-01-25T20:50:33","date_gmt":"2022-01-25T20:50:33","guid":{"rendered":"https:\/\/elektromedi.hu\/?page_id=35"},"modified":"2022-01-25T21:53:35","modified_gmt":"2022-01-25T21:53:35","slug":"szolgaltatasok","status":"publish","type":"page","link":"https:\/\/elektromedi.hu\/?page_id=35","title":{"rendered":"Szolg\u00e1ltat\u00e1saink"},"content":{"rendered":"\n<h5 class=\"wp-block-heading\">Audiol\u00f3giai vizsg\u00e1latok<br>Teljesk\u00f6r\u0171 hall\u00e1svizsg\u00e1lat orvosi szakv\u00e9lem\u00e9nnyel<br>Hall\u00e1srehabilit\u00e1ci\u00f3s szakell\u00e1t\u00e1s<br>Hall\u00f3k\u00e9sz\u00fcl\u00e9k pr\u00f3bahord\u00e1si lehet\u0151s\u00e9g<br>Hall\u00e1sgondoz\u00e1s \u00e9s tan\u00e1csad\u00e1s<br>NEAK \u00fcgyint\u00e9z\u00e9s<br>Gy\u00f3gy\u00e1szati seg\u00e9deszk\u00f6z ig\u00e9nyfelm\u00e9r\u00e9s \u00e9s h\u00e1zhozsz\u00e1ll\u00edt\u00e1s <\/h5>\n","protected":false},"excerpt":{"rendered":"<p>Audiol\u00f3giai vizsg\u00e1latokTeljesk\u00f6r\u0171 hall\u00e1svizsg\u00e1lat orvosi szakv\u00e9lem\u00e9nnyelHall\u00e1srehabilit\u00e1ci\u00f3s szakell\u00e1t\u00e1sHall\u00f3k\u00e9sz\u00fcl\u00e9k pr\u00f3bahord\u00e1si lehet\u0151s\u00e9gHall\u00e1sgondoz\u00e1s \u00e9s tan\u00e1csad\u00e1sNEAK &hellip; <\/p>\n","protected":false},"author":1,"featured_media":0,"parent":0,"menu_order":0,"comment_status":"closed","ping_status":"closed","template":"","meta":{"spay_email":"","footnotes":""},"class_list":["post-35","page","type-page","status-publish","hentry"],"yoast_head":"<!-- This site is optimized with the Yoast SEO plugin v17.8 - https:\/\/yoast.com\/wordpress\/plugins\/seo\/ -->\n<title>Szolg\u00e1ltat\u00e1saink - ELEKTRO-MEDI Hall\u00f3k\u00e9sz\u00fcl\u00e9k \u00e9s Gy\u00f3gy\u00e1szati Seg\u00e9deszk\u00f6z Szak\u00fczlet<\/title>\n<meta name=\"robots\" content=\"index, follow, max-snippet:-1, max-image-preview:large, max-video-preview:-1\" \/>\n<link rel=\"canonical\" href=\"https:\/\/elektromedi.hu\/?page_id=35\" \/>\n<meta property=\"og:locale\" content=\"hu_HU\" \/>\n<meta property=\"og:type\" content=\"article\" \/>\n<meta property=\"og:title\" content=\"Szolg\u00e1ltat\u00e1saink - ELEKTRO-MEDI Hall\u00f3k\u00e9sz\u00fcl\u00e9k \u00e9s Gy\u00f3gy\u00e1szati Seg\u00e9deszk\u00f6z Szak\u00fczlet\" \/>\n<meta property=\"og:description\" content=\"Audiol\u00f3giai vizsg\u00e1latokTeljesk\u00f6r\u0171 hall\u00e1svizsg\u00e1lat orvosi szakv\u00e9lem\u00e9nnyelHall\u00e1srehabilit\u00e1ci\u00f3s szakell\u00e1t\u00e1sHall\u00f3k\u00e9sz\u00fcl\u00e9k pr\u00f3bahord\u00e1si lehet\u0151s\u00e9gHall\u00e1sgondoz\u00e1s \u00e9s tan\u00e1csad\u00e1sNEAK &hellip;\" \/>\n<meta property=\"og:url\" content=\"https:\/\/elektromedi.hu\/?page_id=35\" \/>\n<meta property=\"og:site_name\" content=\"ELEKTRO-MEDI Hall\u00f3k\u00e9sz\u00fcl\u00e9k \u00e9s Gy\u00f3gy\u00e1szati Seg\u00e9deszk\u00f6z Szak\u00fczlet\" \/>\n<meta property=\"article:modified_time\" content=\"2022-01-25T21:53:35+00:00\" \/>\n<meta name=\"twitter:card\" content=\"summary_large_image\" \/>\n<meta name=\"twitter:label1\" content=\"Becs\u00fclt olvas\u00e1si id\u0151\" \/>\n\t<meta name=\"twitter:data1\" content=\"1 perc\" \/>\n<script type=\"application\/ld+json\" class=\"yoast-schema-graph\">{\"@context\":\"https:\/\/schema.org\",\"@graph\":[{\"@type\":\"WebSite\",\"@id\":\"https:\/\/elektromedi.hu\/#website\",\"url\":\"https:\/\/elektromedi.hu\/\",\"name\":\"ELEKTRO-MEDI Hall\\u00f3k\\u00e9sz\\u00fcl\\u00e9k \\u00e9s Gy\\u00f3gy\\u00e1szati Seg\\u00e9deszk\\u00f6z Szak\\u00fczlet\",\"description\":\"Munkat\\u00e1rsaink t\\u00f6bb \\u00e9vtizedes szakmai tapasztalattal seg\\u00edtik az \\u00fcgyfelek  audiol\\u00f3giai vizsg\\u00e1lat\\u00e1t, rehabilit\\u00e1ci\\u00f3s \\u00e9s gy\\u00f3gy\\u00e1szati seg\\u00e9deszk\\u00f6z\\u00f6kkel t\\u00f6rt\\u00e9n\\u0151 ell\\u00e1t\\u00e1s\\u00e1t.\",\"potentialAction\":[{\"@type\":\"SearchAction\",\"target\":{\"@type\":\"EntryPoint\",\"urlTemplate\":\"https:\/\/elektromedi.hu\/?s={search_term_string}\"},\"query-input\":\"required name=search_term_string\"}],\"inLanguage\":\"hu\"},{\"@type\":\"WebPage\",\"@id\":\"https:\/\/elektromedi.hu\/?page_id=35#webpage\",\"url\":\"https:\/\/elektromedi.hu\/?page_id=35\",\"name\":\"Szolg\\u00e1ltat\\u00e1saink - ELEKTRO-MEDI Hall\\u00f3k\\u00e9sz\\u00fcl\\u00e9k \\u00e9s Gy\\u00f3gy\\u00e1szati Seg\\u00e9deszk\\u00f6z Szak\\u00fczlet\",\"isPartOf\":{\"@id\":\"https:\/\/elektromedi.hu\/#website\"},\"datePublished\":\"2022-01-25T20:50:33+00:00\",\"dateModified\":\"2022-01-25T21:53:35+00:00\",\"breadcrumb\":{\"@id\":\"https:\/\/elektromedi.hu\/?page_id=35#breadcrumb\"},\"inLanguage\":\"hu\",\"potentialAction\":[{\"@type\":\"ReadAction\",\"target\":[\"https:\/\/elektromedi.hu\/?page_id=35\"]}]},{\"@type\":\"BreadcrumbList\",\"@id\":\"https:\/\/elektromedi.hu\/?page_id=35#breadcrumb\",\"itemListElement\":[{\"@type\":\"ListItem\",\"position\":1,\"name\":\"Kezd\\u0151lap\",\"item\":\"https:\/\/elektromedi.hu\/\"},{\"@type\":\"ListItem\",\"position\":2,\"name\":\"Szolg\\u00e1ltat\\u00e1saink\"}]}]}<\/script>\n<!-- \/ Yoast SEO plugin. -->","yoast_head_json":{"title":"Szolg\u00e1ltat\u00e1saink - ELEKTRO-MEDI Hall\u00f3k\u00e9sz\u00fcl\u00e9k \u00e9s Gy\u00f3gy\u00e1szati Seg\u00e9deszk\u00f6z Szak\u00fczlet","robots":{"index":"index","follow":"follow","max-snippet":"max-snippet:-1","max-image-preview":"max-image-preview:large","max-video-preview":"max-video-preview:-1"},"canonical":"https:\/\/elektromedi.hu\/?page_id=35","og_locale":"hu_HU","og_type":"article","og_title":"Szolg\u00e1ltat\u00e1saink - ELEKTRO-MEDI Hall\u00f3k\u00e9sz\u00fcl\u00e9k \u00e9s Gy\u00f3gy\u00e1szati Seg\u00e9deszk\u00f6z Szak\u00fczlet","og_description":"Audiol\u00f3giai vizsg\u00e1latokTeljesk\u00f6r\u0171 hall\u00e1svizsg\u00e1lat orvosi szakv\u00e9lem\u00e9nnyelHall\u00e1srehabilit\u00e1ci\u00f3s szakell\u00e1t\u00e1sHall\u00f3k\u00e9sz\u00fcl\u00e9k pr\u00f3bahord\u00e1si lehet\u0151s\u00e9gHall\u00e1sgondoz\u00e1s \u00e9s tan\u00e1csad\u00e1sNEAK &hellip;","og_url":"https:\/\/elektromedi.hu\/?page_id=35","og_site_name":"ELEKTRO-MEDI Hall\u00f3k\u00e9sz\u00fcl\u00e9k \u00e9s Gy\u00f3gy\u00e1szati Seg\u00e9deszk\u00f6z Szak\u00fczlet","article_modified_time":"2022-01-25T21:53:35+00:00","twitter_card":"summary_large_image","twitter_misc":{"Becs\u00fclt olvas\u00e1si id\u0151":"1 perc"},"schema":{"@context":"https:\/\/schema.org","@graph":[{"@type":"WebSite","@id":"https:\/\/elektromedi.hu\/#website","url":"https:\/\/elektromedi.hu\/","name":"ELEKTRO-MEDI Hall\u00f3k\u00e9sz\u00fcl\u00e9k \u00e9s Gy\u00f3gy\u00e1szati Seg\u00e9deszk\u00f6z Szak\u00fczlet","description":"Munkat\u00e1rsaink t\u00f6bb \u00e9vtizedes szakmai tapasztalattal seg\u00edtik az \u00fcgyfelek  audiol\u00f3giai vizsg\u00e1lat\u00e1t, rehabilit\u00e1ci\u00f3s \u00e9s gy\u00f3gy\u00e1szati seg\u00e9deszk\u00f6z\u00f6kkel t\u00f6rt\u00e9n\u0151 ell\u00e1t\u00e1s\u00e1t.","potentialAction":[{"@type":"SearchAction","target":{"@type":"EntryPoint","urlTemplate":"https:\/\/elektromedi.hu\/?s={search_term_string}"},"query-input":"required name=search_term_string"}],"inLanguage":"hu"},{"@type":"WebPage","@id":"https:\/\/elektromedi.hu\/?page_id=35#webpage","url":"https:\/\/elektromedi.hu\/?page_id=35","name":"Szolg\u00e1ltat\u00e1saink - ELEKTRO-MEDI Hall\u00f3k\u00e9sz\u00fcl\u00e9k \u00e9s Gy\u00f3gy\u00e1szati Seg\u00e9deszk\u00f6z Szak\u00fczlet","isPartOf":{"@id":"https:\/\/elektromedi.hu\/#website"},"datePublished":"2022-01-25T20:50:33+00:00","dateModified":"2022-01-25T21:53:35+00:00","breadcrumb":{"@id":"https:\/\/elektromedi.hu\/?page_id=35#breadcrumb"},"inLanguage":"hu","potentialAction":[{"@type":"ReadAction","target":["https:\/\/elektromedi.hu\/?page_id=35"]}]},{"@type":"BreadcrumbList","@id":"https:\/\/elektromedi.hu\/?page_id=35#breadcrumb","itemListElement":[{"@type":"ListItem","position":1,"name":"Kezd\u0151lap","item":"https:\/\/elektromedi.hu\/"},{"@type":"ListItem","position":2,"name":"Szolg\u00e1ltat\u00e1saink"}]}]}},"_links":{"self":[{"href":"https:\/\/elektromedi.hu\/index.php?rest_route=\/wp\/v2\/pages\/35","targetHints":{"allow":["GET"]}}],"collection":[{"href":"https:\/\/elektromedi.hu\/index.php?rest_route=\/wp\/v2\/pages"}],"about":[{"href":"https:\/\/elektromedi.hu\/index.php?rest_route=\/wp\/v2\/types\/page"}],"author":[{"embeddable":true,"href":"https:\/\/elektromedi.hu\/index.php?rest_route=\/wp\/v2\/users\/1"}],"replies":[{"embeddable":true,"href":"https:\/\/elektromedi.hu\/index.php?rest_route=%2Fwp%2Fv2%2Fcomments&post=35"}],"version-history":[{"count":6,"href":"https:\/\/elektromedi.hu\/index.php?rest_route=\/wp\/v2\/pages\/35\/revisions"}],"predecessor-version":[{"id":98,"href":"https:\/\/elektromedi.hu\/index.php?rest_route=\/wp\/v2\/pages\/35\/revisions\/98"}],"wp:attachment":[{"href":"https:\/\/elektromedi.hu\/index.php?rest_route=%2Fwp%2Fv2%2Fmedia&parent=35"}],"curies":[{"name":"wp","href":"https:\/\/api.w.org\/{rel}","templated":true}]}}