{"id":202,"date":"2022-02-17T20:53:01","date_gmt":"2022-02-17T20:53:01","guid":{"rendered":"https:\/\/elektromedi.hu\/?page_id=202"},"modified":"2022-02-17T21:04:12","modified_gmt":"2022-02-17T21:04:12","slug":"egeszsegmegorzo-termekek","status":"publish","type":"page","link":"https:\/\/elektromedi.hu\/?page_id=202","title":{"rendered":"Eg\u00e9szs\u00e9gmeg\u0151rz\u0151 term\u00e9kek"},"content":{"rendered":"","protected":false},"excerpt":{"rendered":"","protected":false},"author":1,"featured_media":0,"parent":123,"menu_order":1,"comment_status":"closed","ping_status":"closed","template":"","meta":{"spay_email":"","footnotes":""},"class_list":["post-202","page","type-page","status-publish","hentry"],"yoast_head":"<!-- This site is optimized with the Yoast SEO plugin v17.8 - https:\/\/yoast.com\/wordpress\/plugins\/seo\/ -->\n<title>Eg\u00e9szs\u00e9gmeg\u0151rz\u0151 term\u00e9kek - ELEKTRO-MEDI Hall\u00f3k\u00e9sz\u00fcl\u00e9k \u00e9s Gy\u00f3gy\u00e1szati Seg\u00e9deszk\u00f6z Szak\u00fczlet<\/title>\n<meta name=\"robots\" content=\"index, follow, max-snippet:-1, max-image-preview:large, max-video-preview:-1\" \/>\n<link rel=\"canonical\" href=\"https:\/\/elektromedi.hu\/?page_id=202\" \/>\n<meta property=\"og:locale\" content=\"hu_HU\" \/>\n<meta property=\"og:type\" content=\"article\" \/>\n<meta property=\"og:title\" content=\"Eg\u00e9szs\u00e9gmeg\u0151rz\u0151 term\u00e9kek - ELEKTRO-MEDI Hall\u00f3k\u00e9sz\u00fcl\u00e9k \u00e9s Gy\u00f3gy\u00e1szati Seg\u00e9deszk\u00f6z Szak\u00fczlet\" \/>\n<meta property=\"og:url\" content=\"https:\/\/elektromedi.hu\/?page_id=202\" \/>\n<meta property=\"og:site_name\" content=\"ELEKTRO-MEDI Hall\u00f3k\u00e9sz\u00fcl\u00e9k \u00e9s Gy\u00f3gy\u00e1szati Seg\u00e9deszk\u00f6z Szak\u00fczlet\" \/>\n<meta property=\"article:modified_time\" content=\"2022-02-17T21:04:12+00:00\" \/>\n<meta name=\"twitter:card\" content=\"summary_large_image\" \/>\n<script type=\"application\/ld+json\" class=\"yoast-schema-graph\">{\"@context\":\"https:\/\/schema.org\",\"@graph\":[{\"@type\":\"WebSite\",\"@id\":\"https:\/\/elektromedi.hu\/#website\",\"url\":\"https:\/\/elektromedi.hu\/\",\"name\":\"ELEKTRO-MEDI Hall\\u00f3k\\u00e9sz\\u00fcl\\u00e9k \\u00e9s Gy\\u00f3gy\\u00e1szati Seg\\u00e9deszk\\u00f6z Szak\\u00fczlet\",\"description\":\"Munkat\\u00e1rsaink t\\u00f6bb \\u00e9vtizedes szakmai tapasztalattal seg\\u00edtik az \\u00fcgyfelek  audiol\\u00f3giai vizsg\\u00e1lat\\u00e1t, rehabilit\\u00e1ci\\u00f3s \\u00e9s gy\\u00f3gy\\u00e1szati seg\\u00e9deszk\\u00f6z\\u00f6kkel t\\u00f6rt\\u00e9n\\u0151 ell\\u00e1t\\u00e1s\\u00e1t.\",\"potentialAction\":[{\"@type\":\"SearchAction\",\"target\":{\"@type\":\"EntryPoint\",\"urlTemplate\":\"https:\/\/elektromedi.hu\/?s={search_term_string}\"},\"query-input\":\"required name=search_term_string\"}],\"inLanguage\":\"hu\"},{\"@type\":\"WebPage\",\"@id\":\"https:\/\/elektromedi.hu\/?page_id=202#webpage\",\"url\":\"https:\/\/elektromedi.hu\/?page_id=202\",\"name\":\"Eg\\u00e9szs\\u00e9gmeg\\u0151rz\\u0151 term\\u00e9kek - ELEKTRO-MEDI Hall\\u00f3k\\u00e9sz\\u00fcl\\u00e9k \\u00e9s Gy\\u00f3gy\\u00e1szati Seg\\u00e9deszk\\u00f6z Szak\\u00fczlet\",\"isPartOf\":{\"@id\":\"https:\/\/elektromedi.hu\/#website\"},\"datePublished\":\"2022-02-17T20:53:01+00:00\",\"dateModified\":\"2022-02-17T21:04:12+00:00\",\"breadcrumb\":{\"@id\":\"https:\/\/elektromedi.hu\/?page_id=202#breadcrumb\"},\"inLanguage\":\"hu\",\"potentialAction\":[{\"@type\":\"ReadAction\",\"target\":[\"https:\/\/elektromedi.hu\/?page_id=202\"]}]},{\"@type\":\"BreadcrumbList\",\"@id\":\"https:\/\/elektromedi.hu\/?page_id=202#breadcrumb\",\"itemListElement\":[{\"@type\":\"ListItem\",\"position\":1,\"name\":\"Kezd\\u0151lap\",\"item\":\"https:\/\/elektromedi.hu\/\"},{\"@type\":\"ListItem\",\"position\":2,\"name\":\"Term\\u00e9keink\",\"item\":\"https:\/\/elektromedi.hu\/?page_id=123\"},{\"@type\":\"ListItem\",\"position\":3,\"name\":\"Eg\\u00e9szs\\u00e9gmeg\\u0151rz\\u0151 term\\u00e9kek\"}]}]}<\/script>\n<!-- \/ Yoast SEO plugin. -->","yoast_head_json":{"title":"Eg\u00e9szs\u00e9gmeg\u0151rz\u0151 term\u00e9kek - ELEKTRO-MEDI Hall\u00f3k\u00e9sz\u00fcl\u00e9k \u00e9s Gy\u00f3gy\u00e1szati Seg\u00e9deszk\u00f6z Szak\u00fczlet","robots":{"index":"index","follow":"follow","max-snippet":"max-snippet:-1","max-image-preview":"max-image-preview:large","max-video-preview":"max-video-preview:-1"},"canonical":"https:\/\/elektromedi.hu\/?page_id=202","og_locale":"hu_HU","og_type":"article","og_title":"Eg\u00e9szs\u00e9gmeg\u0151rz\u0151 term\u00e9kek - ELEKTRO-MEDI Hall\u00f3k\u00e9sz\u00fcl\u00e9k \u00e9s Gy\u00f3gy\u00e1szati Seg\u00e9deszk\u00f6z Szak\u00fczlet","og_url":"https:\/\/elektromedi.hu\/?page_id=202","og_site_name":"ELEKTRO-MEDI Hall\u00f3k\u00e9sz\u00fcl\u00e9k \u00e9s Gy\u00f3gy\u00e1szati Seg\u00e9deszk\u00f6z Szak\u00fczlet","article_modified_time":"2022-02-17T21:04:12+00:00","twitter_card":"summary_large_image","schema":{"@context":"https:\/\/schema.org","@graph":[{"@type":"WebSite","@id":"https:\/\/elektromedi.hu\/#website","url":"https:\/\/elektromedi.hu\/","name":"ELEKTRO-MEDI Hall\u00f3k\u00e9sz\u00fcl\u00e9k \u00e9s Gy\u00f3gy\u00e1szati Seg\u00e9deszk\u00f6z Szak\u00fczlet","description":"Munkat\u00e1rsaink t\u00f6bb \u00e9vtizedes szakmai tapasztalattal seg\u00edtik az \u00fcgyfelek  audiol\u00f3giai vizsg\u00e1lat\u00e1t, rehabilit\u00e1ci\u00f3s \u00e9s gy\u00f3gy\u00e1szati seg\u00e9deszk\u00f6z\u00f6kkel t\u00f6rt\u00e9n\u0151 ell\u00e1t\u00e1s\u00e1t.","potentialAction":[{"@type":"SearchAction","target":{"@type":"EntryPoint","urlTemplate":"https:\/\/elektromedi.hu\/?s={search_term_string}"},"query-input":"required name=search_term_string"}],"inLanguage":"hu"},{"@type":"WebPage","@id":"https:\/\/elektromedi.hu\/?page_id=202#webpage","url":"https:\/\/elektromedi.hu\/?page_id=202","name":"Eg\u00e9szs\u00e9gmeg\u0151rz\u0151 term\u00e9kek - ELEKTRO-MEDI Hall\u00f3k\u00e9sz\u00fcl\u00e9k \u00e9s Gy\u00f3gy\u00e1szati Seg\u00e9deszk\u00f6z Szak\u00fczlet","isPartOf":{"@id":"https:\/\/elektromedi.hu\/#website"},"datePublished":"2022-02-17T20:53:01+00:00","dateModified":"2022-02-17T21:04:12+00:00","breadcrumb":{"@id":"https:\/\/elektromedi.hu\/?page_id=202#breadcrumb"},"inLanguage":"hu","potentialAction":[{"@type":"ReadAction","target":["https:\/\/elektromedi.hu\/?page_id=202"]}]},{"@type":"BreadcrumbList","@id":"https:\/\/elektromedi.hu\/?page_id=202#breadcrumb","itemListElement":[{"@type":"ListItem","position":1,"name":"Kezd\u0151lap","item":"https:\/\/elektromedi.hu\/"},{"@type":"ListItem","position":2,"name":"Term\u00e9keink","item":"https:\/\/elektromedi.hu\/?page_id=123"},{"@type":"ListItem","position":3,"name":"Eg\u00e9szs\u00e9gmeg\u0151rz\u0151 term\u00e9kek"}]}]}},"_links":{"self":[{"href":"https:\/\/elektromedi.hu\/index.php?rest_route=\/wp\/v2\/pages\/202","targetHints":{"allow":["GET"]}}],"collection":[{"href":"https:\/\/elektromedi.hu\/index.php?rest_route=\/wp\/v2\/pages"}],"about":[{"href":"https:\/\/elektromedi.hu\/index.php?rest_route=\/wp\/v2\/types\/page"}],"author":[{"embeddable":true,"href":"https:\/\/elektromedi.hu\/index.php?rest_route=\/wp\/v2\/users\/1"}],"replies":[{"embeddable":true,"href":"https:\/\/elektromedi.hu\/index.php?rest_route=%2Fwp%2Fv2%2Fcomments&post=202"}],"version-history":[{"count":1,"href":"https:\/\/elektromedi.hu\/index.php?rest_route=\/wp\/v2\/pages\/202\/revisions"}],"predecessor-version":[{"id":203,"href":"https:\/\/elektromedi.hu\/index.php?rest_route=\/wp\/v2\/pages\/202\/revisions\/203"}],"up":[{"embeddable":true,"href":"https:\/\/elektromedi.hu\/index.php?rest_route=\/wp\/v2\/pages\/123"}],"wp:attachment":[{"href":"https:\/\/elektromedi.hu\/index.php?rest_route=%2Fwp%2Fv2%2Fmedia&parent=202"}],"curies":[{"name":"wp","href":"https:\/\/api.w.org\/{rel}","templated":true}]}}